{"id":12,"date":"2018-09-24T18:53:44","date_gmt":"2018-09-24T16:53:44","guid":{"rendered":"http:\/\/bdc.re\/?page_id=12"},"modified":"2020-11-01T21:41:22","modified_gmt":"2020-11-01T20:41:22","slug":"une-section-de-page-daccueil","status":"publish","type":"page","link":"https:\/\/bdc.re\/?page_id=12","title":{"rendered":"POURQUOI NOUS FAIRE CONFIANCE?"},"content":{"rendered":"<p>Avez-vous d\u00e9j\u00e0 perdu l\u2019int\u00e9gralit\u00e9 des donn\u00e9es de votre activit\u00e9 ? (paie, stock, compta, etc.)<\/p>\n<p>Si oui, vous \u00e9tiez-vous imagin\u00e9 que cela vous arriverait \u00e0 vous, ou alors vous \u00e9tiez-vous juste dit que cela ne vous concernerait jamais ?<br \/>Si non, pensez-vous \u00eatre \u00e0 l\u2019abri d\u2019une simple panne mat\u00e9rielle, d\u2019une malveillance commise par un employ\u00e9 ou pire, un piratage ?<\/p>\n\n\n<p><\/p>\n","protected":false},"excerpt":{"rendered":"<p>Avez-vous d\u00e9j\u00e0 perdu l\u2019int\u00e9gralit\u00e9 des donn\u00e9es de votre activit\u00e9 ? (paie, stock, compta, etc.) Si oui, vous \u00e9tiez-vous imagin\u00e9 que cela vous arriverait \u00e0 vous, ou alors vous \u00e9tiez-vous juste dit que cela ne vous concernerait jamais ?Si non, pensez-vous \u00eatre \u00e0 l\u2019abri d\u2019une simple panne mat\u00e9rielle, d\u2019une malveillance commise par un employ\u00e9 ou pire, &hellip; <\/p>\n<p class=\"link-more\"><a href=\"https:\/\/bdc.re\/?page_id=12\" class=\"more-link\">Continuer la lecture<span class=\"screen-reader-text\"> de &laquo;&nbsp;POURQUOI NOUS FAIRE CONFIANCE?&nbsp;&raquo;<\/span><\/a><\/p>\n","protected":false},"author":1,"featured_media":78,"parent":0,"menu_order":0,"comment_status":"closed","ping_status":"closed","template":"","meta":[],"_links":{"self":[{"href":"https:\/\/bdc.re\/index.php?rest_route=\/wp\/v2\/pages\/12"}],"collection":[{"href":"https:\/\/bdc.re\/index.php?rest_route=\/wp\/v2\/pages"}],"about":[{"href":"https:\/\/bdc.re\/index.php?rest_route=\/wp\/v2\/types\/page"}],"author":[{"embeddable":true,"href":"https:\/\/bdc.re\/index.php?rest_route=\/wp\/v2\/users\/1"}],"replies":[{"embeddable":true,"href":"https:\/\/bdc.re\/index.php?rest_route=%2Fwp%2Fv2%2Fcomments&post=12"}],"version-history":[{"count":10,"href":"https:\/\/bdc.re\/index.php?rest_route=\/wp\/v2\/pages\/12\/revisions"}],"predecessor-version":[{"id":199,"href":"https:\/\/bdc.re\/index.php?rest_route=\/wp\/v2\/pages\/12\/revisions\/199"}],"wp:featuredmedia":[{"embeddable":true,"href":"https:\/\/bdc.re\/index.php?rest_route=\/wp\/v2\/media\/78"}],"wp:attachment":[{"href":"https:\/\/bdc.re\/index.php?rest_route=%2Fwp%2Fv2%2Fmedia&parent=12"}],"curies":[{"name":"wp","href":"https:\/\/api.w.org\/{rel}","templated":true}]}}