{"id":133,"date":"2020-03-13T19:55:48","date_gmt":"2020-03-13T18:55:48","guid":{"rendered":"http:\/\/bdc.re\/?page_id=133"},"modified":"2021-11-23T12:12:43","modified_gmt":"2021-11-23T11:12:43","slug":"norme-iso-iec-27001","status":"publish","type":"page","link":"https:\/\/bdc.re\/?page_id=133","title":{"rendered":"NORME ISO\/IEC 27001"},"content":{"rendered":"\n<p>Nos serveurs distants sont certifi\u00e9s  ISO\/IEC\u202f27001. Cette\u00a0norme est la\u00a0plus connue. Elle sp\u00e9cifie\u00a0les exigences relatives aux syst\u00e8mes de management de la s\u00e9curit\u00e9 des informations (<a href=\"https:\/\/www.iso.org\/fr\/isoiec-27001-information-security.html#SMSI\">SMSI<\/a>). La mise en \u0153uvre des normes de cette famille facilite le management de la s\u00e9curit\u00e9 d\u2019actifs sensibles\u00a0tels que les donn\u00e9es financi\u00e8res, les documents de propri\u00e9t\u00e9 intellectuelle, les donn\u00e9es relatives au personnel ou les informations confi\u00e9es par des tiers.<\/p>\n","protected":false},"excerpt":{"rendered":"<p>Nos serveurs distants sont certifi\u00e9s ISO\/IEC\u202f27001. Cette\u00a0norme est la\u00a0plus connue. Elle sp\u00e9cifie\u00a0les exigences relatives aux syst\u00e8mes de management de la s\u00e9curit\u00e9 des informations (SMSI). La mise en \u0153uvre des normes de cette famille facilite le management de la s\u00e9curit\u00e9 d\u2019actifs sensibles\u00a0tels que les donn\u00e9es financi\u00e8res, les documents de propri\u00e9t\u00e9 intellectuelle, les donn\u00e9es relatives au personnel &hellip; <\/p>\n<p class=\"link-more\"><a href=\"https:\/\/bdc.re\/?page_id=133\" class=\"more-link\">Continuer la lecture<span class=\"screen-reader-text\"> de &laquo;&nbsp;NORME ISO\/IEC 27001&nbsp;&raquo;<\/span><\/a><\/p>\n","protected":false},"author":1,"featured_media":166,"parent":0,"menu_order":0,"comment_status":"closed","ping_status":"closed","template":"","meta":[],"_links":{"self":[{"href":"https:\/\/bdc.re\/index.php?rest_route=\/wp\/v2\/pages\/133"}],"collection":[{"href":"https:\/\/bdc.re\/index.php?rest_route=\/wp\/v2\/pages"}],"about":[{"href":"https:\/\/bdc.re\/index.php?rest_route=\/wp\/v2\/types\/page"}],"author":[{"embeddable":true,"href":"https:\/\/bdc.re\/index.php?rest_route=\/wp\/v2\/users\/1"}],"replies":[{"embeddable":true,"href":"https:\/\/bdc.re\/index.php?rest_route=%2Fwp%2Fv2%2Fcomments&post=133"}],"version-history":[{"count":7,"href":"https:\/\/bdc.re\/index.php?rest_route=\/wp\/v2\/pages\/133\/revisions"}],"predecessor-version":[{"id":229,"href":"https:\/\/bdc.re\/index.php?rest_route=\/wp\/v2\/pages\/133\/revisions\/229"}],"wp:featuredmedia":[{"embeddable":true,"href":"https:\/\/bdc.re\/index.php?rest_route=\/wp\/v2\/media\/166"}],"wp:attachment":[{"href":"https:\/\/bdc.re\/index.php?rest_route=%2Fwp%2Fv2%2Fmedia&parent=133"}],"curies":[{"name":"wp","href":"https:\/\/api.w.org\/{rel}","templated":true}]}}