{"id":176,"date":"2020-11-01T20:37:27","date_gmt":"2020-11-01T19:37:27","guid":{"rendered":"http:\/\/bdc.re\/?page_id=176"},"modified":"2023-03-22T15:06:25","modified_gmt":"2023-03-22T14:06:25","slug":"les-risques","status":"publish","type":"page","link":"https:\/\/bdc.re\/?page_id=176","title":{"rendered":"LES RISQUES ?"},"content":{"rendered":"\n<p>&#8211; RANSOME WARE<\/p>\n\n\n\n<p><a href=\"https:\/\/fr.m.wikipedia.org\/wiki\/Ran%C3%A7ongiciel#:~:text=Un%20ran%C3%A7ongiciel%20(de%20l'anglais,en%20otage%20des%20donn%C3%A9es%20personnelles.\" target=\"_blank\" rel=\"noreferrer noopener\">D\u00e9finition de Ransome-Ware sur Wikip\u00e9dia<\/a><\/p>\n\n\n\n<p>Toutes les soci\u00e9t\u00e9s ont un r\u00e9el besoins d&rsquo;un service de  s\u00e9curit\u00e9 informatique contre toutes les attaques que nous avons eues ces derni\u00e8res ann\u00e9es demandant des ran\u00e7ons en bitcoin aux soci\u00e9t\u00e9s. Ran\u00e7on d&rsquo;environ 1000 euros en fonction de la taille de la soci\u00e9t\u00e9 car le pirate prend le temps d&rsquo;analyser sa proie avant de crypter et de lui r\u00e9clamer une ran\u00e7on. Ces attaques  s\u00e9vissent  toujours en 2023. Afin de pouvoir r\u00e9cup\u00e9rer nos donn\u00e9es informatiques (qui nous aurons bien sur \u00e9taient au pr\u00e9alablement crypt\u00e9es), l&rsquo;entreprises doit s&rsquo;acquitter d&rsquo;une ran\u00e7on ou se r\u00e9signer \u00e0 perdre l&rsquo;int\u00e9gralit\u00e9 de ses donn\u00e9es. <\/p>\n\n\n\n<p>Le seul moyen que certaines soci\u00e9t\u00e9s se sont r\u00e9sign\u00e9es \u00e0 faire est de payer le pirate afin d&rsquo;obtenir une cl\u00e9 de d\u00e9cryptage pour r\u00e9cup\u00e9rer ses donn\u00e9es d&rsquo;entreprise<\/p>\n\n\n\n<p>&#8211; PANNE MAT\u00c9RIELLE  <\/p>\n\n\n\n<p>Disque dur en panne, etc.<\/p>\n","protected":false},"excerpt":{"rendered":"<p>&#8211; RANSOME WARE D\u00e9finition de Ransome-Ware sur Wikip\u00e9dia Toutes les soci\u00e9t\u00e9s ont un r\u00e9el besoins d&rsquo;un service de s\u00e9curit\u00e9 informatique contre toutes les attaques que nous avons eues ces derni\u00e8res ann\u00e9es demandant des ran\u00e7ons en bitcoin aux soci\u00e9t\u00e9s. Ran\u00e7on d&rsquo;environ 1000 euros en fonction de la taille de la soci\u00e9t\u00e9 car le pirate prend le &hellip; <\/p>\n<p class=\"link-more\"><a href=\"https:\/\/bdc.re\/?page_id=176\" class=\"more-link\">Continuer la lecture<span class=\"screen-reader-text\"> de &laquo;&nbsp;LES RISQUES ?&nbsp;&raquo;<\/span><\/a><\/p>\n","protected":false},"author":1,"featured_media":192,"parent":0,"menu_order":0,"comment_status":"closed","ping_status":"closed","template":"","meta":[],"_links":{"self":[{"href":"https:\/\/bdc.re\/index.php?rest_route=\/wp\/v2\/pages\/176"}],"collection":[{"href":"https:\/\/bdc.re\/index.php?rest_route=\/wp\/v2\/pages"}],"about":[{"href":"https:\/\/bdc.re\/index.php?rest_route=\/wp\/v2\/types\/page"}],"author":[{"embeddable":true,"href":"https:\/\/bdc.re\/index.php?rest_route=\/wp\/v2\/users\/1"}],"replies":[{"embeddable":true,"href":"https:\/\/bdc.re\/index.php?rest_route=%2Fwp%2Fv2%2Fcomments&post=176"}],"version-history":[{"count":10,"href":"https:\/\/bdc.re\/index.php?rest_route=\/wp\/v2\/pages\/176\/revisions"}],"predecessor-version":[{"id":241,"href":"https:\/\/bdc.re\/index.php?rest_route=\/wp\/v2\/pages\/176\/revisions\/241"}],"wp:featuredmedia":[{"embeddable":true,"href":"https:\/\/bdc.re\/index.php?rest_route=\/wp\/v2\/media\/192"}],"wp:attachment":[{"href":"https:\/\/bdc.re\/index.php?rest_route=%2Fwp%2Fv2%2Fmedia&parent=176"}],"curies":[{"name":"wp","href":"https:\/\/api.w.org\/{rel}","templated":true}]}}