{"id":45,"date":"2018-09-25T05:43:06","date_gmt":"2018-09-25T03:43:06","guid":{"rendered":"http:\/\/bdc.re\/?page_id=45"},"modified":"2020-11-01T21:47:41","modified_gmt":"2020-11-01T20:47:41","slug":"nous-avons-la-solution-2","status":"publish","type":"page","link":"https:\/\/bdc.re\/?page_id=45","title":{"rendered":"NOUS AVONS LA SOLUTION"},"content":{"rendered":"\n<p>Ne vous faites plus de soucis, vos donn\u00e9es sont \u00e0 l\u2019abri avec nous.<\/p>\n\n\n\n<p>Avec notre solution automatis\u00e9e, toutes vos donn\u00e9es sensibles sont stock\u00e9es sur un ou plusieurs supports localement et\/ou distant \u00e0 votre convenance.<\/p>\n\n\n\n<p>Vous pouvez \u00e9galement num\u00e9riser n\u2019importe quel document depuis notre solution afin de l\u2019int\u00e9grer plus ais\u00e9ment au stockage automatis\u00e9.<\/p>\n","protected":false},"excerpt":{"rendered":"<p>Ne vous faites plus de soucis, vos donn\u00e9es sont \u00e0 l\u2019abri avec nous. Avec notre solution automatis\u00e9e, toutes vos donn\u00e9es sensibles sont stock\u00e9es sur un ou plusieurs supports localement et\/ou distant \u00e0 votre convenance. Vous pouvez \u00e9galement num\u00e9riser n\u2019importe quel document depuis notre solution afin de l\u2019int\u00e9grer plus ais\u00e9ment au stockage automatis\u00e9.<\/p>\n","protected":false},"author":1,"featured_media":79,"parent":0,"menu_order":0,"comment_status":"closed","ping_status":"closed","template":"","meta":[],"_links":{"self":[{"href":"https:\/\/bdc.re\/index.php?rest_route=\/wp\/v2\/pages\/45"}],"collection":[{"href":"https:\/\/bdc.re\/index.php?rest_route=\/wp\/v2\/pages"}],"about":[{"href":"https:\/\/bdc.re\/index.php?rest_route=\/wp\/v2\/types\/page"}],"author":[{"embeddable":true,"href":"https:\/\/bdc.re\/index.php?rest_route=\/wp\/v2\/users\/1"}],"replies":[{"embeddable":true,"href":"https:\/\/bdc.re\/index.php?rest_route=%2Fwp%2Fv2%2Fcomments&post=45"}],"version-history":[{"count":8,"href":"https:\/\/bdc.re\/index.php?rest_route=\/wp\/v2\/pages\/45\/revisions"}],"predecessor-version":[{"id":202,"href":"https:\/\/bdc.re\/index.php?rest_route=\/wp\/v2\/pages\/45\/revisions\/202"}],"wp:featuredmedia":[{"embeddable":true,"href":"https:\/\/bdc.re\/index.php?rest_route=\/wp\/v2\/media\/79"}],"wp:attachment":[{"href":"https:\/\/bdc.re\/index.php?rest_route=%2Fwp%2Fv2%2Fmedia&parent=45"}],"curies":[{"name":"wp","href":"https:\/\/api.w.org\/{rel}","templated":true}]}}