{"id":47,"date":"2018-09-25T05:47:07","date_gmt":"2018-09-25T03:47:07","guid":{"rendered":"http:\/\/bdc.re\/?page_id=47"},"modified":"2021-11-23T12:14:42","modified_gmt":"2021-11-23T11:14:42","slug":"securite-est-notre-priorite","status":"publish","type":"page","link":"https:\/\/bdc.re\/?page_id=47","title":{"rendered":"\u00abS\u00c9CURIT\u00c9 \u00bb EST NOTRE PRIORIT\u00c9"},"content":{"rendered":"\n<p>Le stockage de vos donn\u00e9es se fait dans un lieu s\u00e9curis\u00e9, fibr\u00e9, sous alarme, et confidentiel.<br>Vos donn\u00e9es sont crypt\u00e9es avec un algorithme de type militaire avant transfert avec une cl\u00e9 unique vous appartenant. Celle-ci est elle-m\u00eame crypt\u00e9e \u00e0 son tour sous plusieurs couches de cryptage.<br>Le transfert de vos donn\u00e9es est chiffr\u00e9 par un protocole de transfert ultra s\u00e9curis\u00e9 (qui est utilis\u00e9 \u00e9galement dans le domaine bancaire, les administrations publiques, les h\u00f4pitaux, etc.)<\/p>\n\n\n\n<p><\/p>\n\n\n\n<p><\/p>\n","protected":false},"excerpt":{"rendered":"<p>Le stockage de vos donn\u00e9es se fait dans un lieu s\u00e9curis\u00e9, fibr\u00e9, sous alarme, et confidentiel.Vos donn\u00e9es sont crypt\u00e9es avec un algorithme de type militaire avant transfert avec une cl\u00e9 unique vous appartenant. Celle-ci est elle-m\u00eame crypt\u00e9e \u00e0 son tour sous plusieurs couches de cryptage.Le transfert de vos donn\u00e9es est chiffr\u00e9 par un protocole de &hellip; <\/p>\n<p class=\"link-more\"><a href=\"https:\/\/bdc.re\/?page_id=47\" class=\"more-link\">Continuer la lecture<span class=\"screen-reader-text\"> de &laquo;&nbsp;\u00abS\u00c9CURIT\u00c9 \u00bb EST NOTRE PRIORIT\u00c9&nbsp;&raquo;<\/span><\/a><\/p>\n","protected":false},"author":1,"featured_media":77,"parent":0,"menu_order":0,"comment_status":"closed","ping_status":"closed","template":"","meta":[],"_links":{"self":[{"href":"https:\/\/bdc.re\/index.php?rest_route=\/wp\/v2\/pages\/47"}],"collection":[{"href":"https:\/\/bdc.re\/index.php?rest_route=\/wp\/v2\/pages"}],"about":[{"href":"https:\/\/bdc.re\/index.php?rest_route=\/wp\/v2\/types\/page"}],"author":[{"embeddable":true,"href":"https:\/\/bdc.re\/index.php?rest_route=\/wp\/v2\/users\/1"}],"replies":[{"embeddable":true,"href":"https:\/\/bdc.re\/index.php?rest_route=%2Fwp%2Fv2%2Fcomments&post=47"}],"version-history":[{"count":8,"href":"https:\/\/bdc.re\/index.php?rest_route=\/wp\/v2\/pages\/47\/revisions"}],"predecessor-version":[{"id":230,"href":"https:\/\/bdc.re\/index.php?rest_route=\/wp\/v2\/pages\/47\/revisions\/230"}],"wp:featuredmedia":[{"embeddable":true,"href":"https:\/\/bdc.re\/index.php?rest_route=\/wp\/v2\/media\/77"}],"wp:attachment":[{"href":"https:\/\/bdc.re\/index.php?rest_route=%2Fwp%2Fv2%2Fmedia&parent=47"}],"curies":[{"name":"wp","href":"https:\/\/api.w.org\/{rel}","templated":true}]}}